{"id":544,"date":"2024-02-09T08:51:42","date_gmt":"2024-02-09T07:51:42","guid":{"rendered":"https:\/\/errioxa.ika.eus\/?page_id=544"},"modified":"2024-07-30T13:00:41","modified_gmt":"2024-07-30T12:00:41","slug":"inicio","status":"publish","type":"page","link":"https:\/\/errioxa.ika.eus\/es\/","title":{"rendered":"Inicio"},"content":{"rendered":"<section class=\"l-section wpb_row height_auto width_full\"><div class=\"l-section-h i-cf\"><div class=\"g-cols vc_row via_grid cols_1 laptops-cols_inherit tablets-cols_inherit mobiles-cols_1 valign_top type_default stacking_default\"><div class=\"wpb_column vc_column_container\"><div class=\"vc_column-inner\"><div class=\"w-grid us_carousel hide_on_mobiles type_carousel layout_638 overflow_hidden preload_style_spinner\" id=\"us_grid_1\"><style>.layout_638 .w-grid-item-h{background:#FFD500;border-radius:0.3rem;box-shadow:0 0.03rem 0.06rem rgba(0,0,0,0.1),0 0.1rem 0.3rem rgba(0,0,0,0.1);transition-duration:0.3s}.no-touch .layout_638 .w-grid-item-h:hover{box-shadow:0 0.12rem 0.24rem rgba(0,0,0,0.1),0 0.4rem 1.2rem rgba(0,0,0,0.15);z-index:4}.layout_638 .usg_post_image_1{transition-duration:0.3s;transform-origin:50% 50%;transform:scale(1) translate(0%,0%)}.layout_638 .w-grid-item-h:focus-within .usg_post_image_1,.layout_638 .w-grid-item-h:hover .usg_post_image_1{transform:scale(1.1) translate(0%,0%);opacity:1}.layout_638 .usg_vwrapper_1{position:absolute!important;left:0!important;bottom:0!important;right:0!important;padding:15% 7% 7% 7%!important}.layout_638 .usg_post_title_1{color:#ffffff!important;font-size:1.8rem!important;font-weight:700!important}.layout_638 .usg_post_content_1{color:#ffffff!important;text-align:center!important}.layout_638 .usg_vwrapper_2{width:40%!important;margin-left:auto!important;margin-bottom:0px!important;margin-right:auto!important;padding:2%!important;background:rgba(34,34,34,0.78)!important}@media (max-width:600px){.layout_638 .usg_post_title_1{font-size:1.2rem!important}}<\/style><div class=\"w-grid-list owl-carousel valign_stretch dotstyle_circle navstyle_circle arrows-ver-pos_middle arrows-hor-pos_on_sides_inside arrows-disabled_hide owl-responsive-2000 autoheight with_dots with_arrows\" style=\"--transition-duration:350ms;--arrows-size:1.5rem;--arrows-hor-offset:calc(0px - 0px);--arrows-gap:10px;\">\t<article class=\"w-grid-item post-1179 karrusela type-karrusela status-publish has-post-thumbnail hentry\" data-id=\"1179\">\r\n\t\t<div class=\"w-grid-item-h\">\r\n\t\t\t\t\t\t<div class=\"w-post-elm post_image usg_post_image_1 stretched\"><a href=\"https:\/\/errioxa.ika.eus\/es\/2025\/07\/17\/curso-2025-2026\/\" aria-label=\"\u00a1Este es nuestro lema!\"><img loading=\"lazy\" decoding=\"async\" width=\"1100\" height=\"600\" src=\"https:\/\/errioxa.ika.eus\/wp-content\/uploads\/sites\/6\/2025\/07\/IKA-A3-ERRIOXA-V5-Burutu_page-0001-1-1100x600.jpg\" class=\"attachment-us_2560_600_crop size-us_2560_600_crop wp-post-image\" alt=\"\" \/><\/a><\/div><div class=\"w-vwrapper usg_vwrapper_1 align_none valign_top\"><div class=\"w-vwrapper usg_vwrapper_2 align_none valign_bottom\"><h2 class=\"w-post-elm post_title usg_post_title_1 has_text_color align_center entry-title color_link_inherit\"><a href=\"https:\/\/errioxa.ika.eus\/es\/2025\/07\/17\/curso-2025-2026\/\">\u00a1Este es nuestro lema!<\/a><\/h2><\/div><\/div>\t\t<\/div>\r\n\t\t\t<\/article>\r\n\t<article class=\"w-grid-item post-1180 karrusela type-karrusela status-publish has-post-thumbnail hentry\" data-id=\"1180\">\r\n\t\t<div class=\"w-grid-item-h\">\r\n\t\t\t\t\t\t<div class=\"w-post-elm post_image usg_post_image_1 stretched\"><a href=\"https:\/\/errioxa.ika.eus\/es\/2025\/07\/17\/curso-2025-2026\/\" aria-label=\"Curso 2025-26\"><img loading=\"lazy\" decoding=\"async\" width=\"1800\" height=\"600\" src=\"https:\/\/errioxa.ika.eus\/wp-content\/uploads\/sites\/6\/2024\/08\/prob_01-1800x600.jpg\" class=\"attachment-us_2560_600_crop size-us_2560_600_crop wp-post-image\" alt=\"\" \/><\/a><\/div><div class=\"w-vwrapper usg_vwrapper_1 align_none valign_top\"><div class=\"w-vwrapper usg_vwrapper_2 align_none valign_bottom\"><h2 class=\"w-post-elm post_title usg_post_title_1 has_text_color align_center entry-title color_link_inherit\"><a href=\"https:\/\/errioxa.ika.eus\/es\/2025\/07\/17\/curso-2025-2026\/\">Curso 2025-26<\/a><\/h2><div class=\"w-post-elm post_content usg_post_content_1 has_text_color\">\u00a1An\u00edmate a aprender euskera!<\/div><\/div><\/div>\t\t<\/div>\r\n\t\t\t<\/article>\r\n<\/div><div class=\"w-grid-carousel-json hidden\" onclick='return {&quot;carousel_settings&quot;:{&quot;aria_labels&quot;:{&quot;prev&quot;:&quot;Anterior&quot;,&quot;next&quot;:&quot;Siguiente&quot;},&quot;autoplayContinual&quot;:false,&quot;autoplayHoverPause&quot;:false,&quot;autoplayTimeout&quot;:10000,&quot;autoWidth&quot;:false,&quot;smartSpeed&quot;:350,&quot;margin&quot;:0,&quot;mouseDrag&quot;:true,&quot;rtl&quot;:false,&quot;slideBy&quot;:&quot;1&quot;,&quot;touchDrag&quot;:true,&quot;slideTransition&quot;:&quot;&quot;,&quot;responsive&quot;:{&quot;0&quot;:{&quot;autoHeight&quot;:true,&quot;autoplay&quot;:true,&quot;autoWidth&quot;:false,&quot;center&quot;:false,&quot;dots&quot;:true,&quot;items&quot;:1,&quot;loop&quot;:true,&quot;nav&quot;:false,&quot;stagePadding&quot;:0,&quot;slideBy&quot;:&quot;1&quot;},&quot;601&quot;:{&quot;autoHeight&quot;:true,&quot;autoplay&quot;:true,&quot;autoWidth&quot;:false,&quot;center&quot;:false,&quot;dots&quot;:true,&quot;items&quot;:1,&quot;loop&quot;:true,&quot;nav&quot;:true,&quot;stagePadding&quot;:0,&quot;slideBy&quot;:&quot;1&quot;},&quot;1025&quot;:{&quot;autoHeight&quot;:true,&quot;autoplay&quot;:true,&quot;autoWidth&quot;:false,&quot;center&quot;:false,&quot;dots&quot;:true,&quot;items&quot;:1,&quot;loop&quot;:true,&quot;nav&quot;:true,&quot;stagePadding&quot;:0,&quot;slideBy&quot;:&quot;1&quot;},&quot;1381&quot;:{&quot;items&quot;:1,&quot;autoplay&quot;:true,&quot;center&quot;:false,&quot;dots&quot;:true,&quot;nav&quot;:true,&quot;autoHeight&quot;:true,&quot;autoWidth&quot;:false,&quot;loop&quot;:true,&quot;stagePadding&quot;:0}}}}'><\/div><\/div><\/div><\/div><\/div><\/div><\/section><section class=\"l-section wpb_row height_auto width_full\"><div class=\"l-section-h i-cf\"><div class=\"g-cols vc_row via_grid cols_1 laptops-cols_inherit tablets-cols_inherit mobiles-cols_1 valign_top type_default stacking_default\"><div class=\"wpb_column vc_column_container\"><div class=\"vc_column-inner\"><div class=\"w-grid us_carousel hide_on_default hide_on_laptops hide_on_tablets type_carousel layout_636 overflow_hidden preload_style_spinner\" id=\"us_grid_2\"><style>.layout_636 .w-grid-item-h{background:#FFD500;border-radius:0.3rem;box-shadow:0 0.03rem 0.06rem rgba(0,0,0,0.1),0 0.1rem 0.3rem rgba(0,0,0,0.1);transition-duration:0.3s}.no-touch .layout_636 .w-grid-item-h:hover{box-shadow:0 0.12rem 0.24rem rgba(0,0,0,0.1),0 0.4rem 1.2rem rgba(0,0,0,0.15);z-index:4}.layout_636 .usg_post_image_1{transition-duration:0.3s;transform-origin:50% 50%;transform:scale(1) translate(0%,0%)}.layout_636 .w-grid-item-h:focus-within .usg_post_image_1,.layout_636 .w-grid-item-h:hover .usg_post_image_1{transform:scale(1.1) translate(0%,0%);opacity:1}.layout_636 .usg_vwrapper_1{position:absolute!important;left:0!important;bottom:0!important;right:0!important;background:linear-gradient(180deg,rgba(222,202,27,0.00),#ffd500)!important;padding:15% 7% 7% 7%!important}.layout_636 .usg_post_title_1{color:#ffffff!important;font-size:1.8rem!important;font-weight:700!important}.layout_636 .usg_post_content_1{color:#ffffff!important;text-align:center!important;line-height:1.1rem!important}.layout_636 .usg_vwrapper_2{padding:8%!important;background:rgba(34,34,34,0.78)!important}@media (max-width:600px){.layout_636 .usg_post_title_1{font-size:1.2rem!important}}<\/style><div class=\"w-grid-list owl-carousel valign_stretch dotstyle_circle navstyle_circle arrows-ver-pos_middle arrows-hor-pos_on_sides_inside arrows-disabled_hide owl-responsive-2000 autoheight with_dots with_arrows\" style=\"--transition-duration:350ms;--arrows-size:1.5rem;--arrows-hor-offset:calc(0px - 0px);--arrows-gap:10px;\">\t<article class=\"w-grid-item post-1179 karrusela type-karrusela status-publish has-post-thumbnail hentry\" data-id=\"1179\">\r\n\t\t<div class=\"w-grid-item-h\">\r\n\t\t\t\t\t\t<div class=\"w-post-elm post_image usg_post_image_1 has_ratio\"><a href=\"https:\/\/errioxa.ika.eus\/es\/2025\/07\/17\/curso-2025-2026\/\" aria-label=\"\u00a1Este es nuestro lema!\"><img loading=\"lazy\" decoding=\"async\" width=\"724\" height=\"1024\" src=\"https:\/\/errioxa.ika.eus\/wp-content\/uploads\/sites\/6\/2025\/07\/IKA-A3-ERRIOXA-V5-Burutu_page-0001-1-724x1024.jpg\" class=\"attachment-large size-large wp-post-image\" alt=\"\" \/><\/a><div style=\"padding-bottom:100%\"><\/div><\/div><div class=\"w-vwrapper usg_vwrapper_1 align_none valign_top\"><div class=\"w-vwrapper usg_vwrapper_2 align_none valign_top\"><h2 class=\"w-post-elm post_title usg_post_title_1 has_text_color align_center entry-title color_link_inherit\"><a href=\"https:\/\/errioxa.ika.eus\/es\/2025\/07\/17\/curso-2025-2026\/\">\u00a1Este es nuestro lema!<\/a><\/h2><\/div><\/div>\t\t<\/div>\r\n\t\t\t<\/article>\r\n\t<article class=\"w-grid-item post-1180 karrusela type-karrusela status-publish has-post-thumbnail hentry\" data-id=\"1180\">\r\n\t\t<div class=\"w-grid-item-h\">\r\n\t\t\t\t\t\t<div class=\"w-post-elm post_image usg_post_image_1 has_ratio\"><a href=\"https:\/\/errioxa.ika.eus\/es\/2025\/07\/17\/curso-2025-2026\/\" aria-label=\"Curso 2025-26\"><img loading=\"lazy\" decoding=\"async\" width=\"1024\" height=\"512\" src=\"https:\/\/errioxa.ika.eus\/wp-content\/uploads\/sites\/6\/2024\/08\/prob_01-1024x512.jpg\" class=\"attachment-large size-large wp-post-image\" alt=\"\" \/><\/a><div style=\"padding-bottom:100%\"><\/div><\/div><div class=\"w-vwrapper usg_vwrapper_1 align_none valign_top\"><div class=\"w-vwrapper usg_vwrapper_2 align_none valign_top\"><h2 class=\"w-post-elm post_title usg_post_title_1 has_text_color align_center entry-title color_link_inherit\"><a href=\"https:\/\/errioxa.ika.eus\/es\/2025\/07\/17\/curso-2025-2026\/\">Curso 2025-26<\/a><\/h2><div class=\"w-post-elm post_content usg_post_content_1 has_text_color\">\u00a1An\u00edmate a aprender euskera!<\/div><\/div><\/div>\t\t<\/div>\r\n\t\t\t<\/article>\r\n<\/div><div class=\"w-grid-carousel-json hidden\" onclick='return {&quot;carousel_settings&quot;:{&quot;aria_labels&quot;:{&quot;prev&quot;:&quot;Anterior&quot;,&quot;next&quot;:&quot;Siguiente&quot;},&quot;autoplayContinual&quot;:false,&quot;autoplayHoverPause&quot;:false,&quot;autoplayTimeout&quot;:10000,&quot;autoWidth&quot;:false,&quot;smartSpeed&quot;:350,&quot;margin&quot;:0,&quot;mouseDrag&quot;:true,&quot;rtl&quot;:false,&quot;slideBy&quot;:&quot;1&quot;,&quot;touchDrag&quot;:true,&quot;slideTransition&quot;:&quot;&quot;,&quot;responsive&quot;:{&quot;0&quot;:{&quot;autoHeight&quot;:true,&quot;autoplay&quot;:true,&quot;autoWidth&quot;:false,&quot;center&quot;:false,&quot;dots&quot;:true,&quot;items&quot;:1,&quot;loop&quot;:true,&quot;nav&quot;:false,&quot;stagePadding&quot;:0,&quot;slideBy&quot;:&quot;1&quot;},&quot;601&quot;:{&quot;autoHeight&quot;:true,&quot;autoplay&quot;:true,&quot;autoWidth&quot;:false,&quot;center&quot;:false,&quot;dots&quot;:true,&quot;items&quot;:1,&quot;loop&quot;:true,&quot;nav&quot;:true,&quot;stagePadding&quot;:0,&quot;slideBy&quot;:&quot;1&quot;},&quot;1025&quot;:{&quot;autoHeight&quot;:true,&quot;autoplay&quot;:true,&quot;autoWidth&quot;:false,&quot;center&quot;:false,&quot;dots&quot;:true,&quot;items&quot;:1,&quot;loop&quot;:true,&quot;nav&quot;:true,&quot;stagePadding&quot;:0,&quot;slideBy&quot;:&quot;1&quot;},&quot;1381&quot;:{&quot;items&quot;:1,&quot;autoplay&quot;:true,&quot;center&quot;:false,&quot;dots&quot;:true,&quot;nav&quot;:true,&quot;autoHeight&quot;:true,&quot;autoWidth&quot;:false,&quot;loop&quot;:true,&quot;stagePadding&quot;:0}}}}'><\/div><\/div><\/div><\/div><\/div><\/div><\/section><section class=\"l-section wpb_row us_custom_756d09ea height_large\"><div class=\"l-section-h i-cf\"><div class=\"g-cols vc_row via_grid cols_1 laptops-cols_inherit tablets-cols_inherit mobiles-cols_1 valign_top type_default stacking_default\"><div class=\"wpb_column vc_column_container\"><div class=\"vc_column-inner\">[vc_custom_heading text=\u00bb\u00daltimas noticias\u00bb font_container=\u00bbtag:h2|text_align:center\u00bb use_theme_fonts=\u00bbyes\u00bb css=\u00bb%7B%22default%22%3A%7B%22color%22%3A%22%23ffffff%22%7D%7D\u00bb]<div class=\"w-separator size_medium\"><\/div><div class=\"w-grid us_grid type_grid layout_157 cols_3 overflow_hidden preload_style_spinner\" id=\"us_grid_3\" style=\"--columns:3;--gap:1.5rem;\" data-filterable=\"true\"><style>@media (max-width:1024px){#us_grid_3{--columns:2!important}}@media (max-width:600px){#us_grid_3{--columns:1!important}}.layout_157 .w-grid-item-h{color:#ffffff}.layout_157 .usg_post_image_1{margin-bottom:1rem!important}.layout_157 .usg_post_title_1{color:#ffffff!important;font-size:1.6rem!important;font-weight:700!important;text-transform:uppercase!important}.layout_157 .usg_vwrapper_1{margin-top:2rem!important}.layout_157 .usg_hwrapper_1{color:var(--color-content-faded)!important;font-size:0.9rem!important}.layout_157 .usg_post_date_1{color:#FFD500!important}.layout_157 .usg_btn_1{margin-top:1.5rem!important}@media (max-width:600px){.layout_157 .usg_post_title_1{font-size:1.2rem!important}}<\/style><div class=\"w-grid-list\">\t<article class=\"w-grid-item size_1x1 post-1318 post type-post status-publish format-standard has-post-thumbnail hentry category-sin-categorizar\" data-id=\"1318\">\r\n\t\t<div class=\"w-grid-item-h\">\r\n\t\t\t\t\t\t<div class=\"w-post-elm post_image usg_post_image_1 has_ratio\"><a href=\"https:\/\/errioxa.ika.eus\/es\/2025\/07\/17\/curso-2025-2026\/\" aria-label=\"Curso 2025-2026\"><img loading=\"lazy\" decoding=\"async\" width=\"724\" height=\"1024\" src=\"https:\/\/errioxa.ika.eus\/wp-content\/uploads\/sites\/6\/2025\/07\/IKA-A3-ERRIOXA-V5-Burutu_page-0001-724x1024.jpg\" class=\"attachment-large size-large wp-post-image\" alt=\"\" \/><\/a><div style=\"padding-bottom:66.6667%\"><\/div><\/div><div class=\"w-vwrapper usg_vwrapper_1 align_none valign_top\"><h2 class=\"w-post-elm post_title usg_post_title_1 has_text_color entry-title color_link_inherit\"><a href=\"https:\/\/errioxa.ika.eus\/es\/2025\/07\/17\/curso-2025-2026\/\">Curso 2025-2026<\/a><\/h2><div class=\"w-hwrapper usg_hwrapper_1 has_text_color align_none valign_top wrap\"><time class=\"w-post-elm post_date usg_post_date_1 has_text_color entry-date published\" datetime=\"2025-07-17T16:32:44+01:00\">17\/07\/2025<\/time><\/div><div class=\"w-post-elm post_content usg_post_content_1\">Porque quieres estar al d\u00eda de nuestra cultura, porque simplemente quieres aprender euskera, porque quieres conseguir un t\u00edtulo, ayudar a&hellip;<\/div><\/div><a class=\"w-btn us-btn-style_3 usg_btn_1\" href=\"https:\/\/errioxa.ika.eus\/es\/2025\/07\/17\/curso-2025-2026\/\"><span class=\"w-btn-label\">LEER M\u00c1S ><\/span><\/a>\t\t<\/div>\r\n\t\t\t<\/article>\r\n\t<article class=\"w-grid-item size_1x1 post-786 post type-post status-publish format-standard has-post-thumbnail hentry category-eventos\" data-id=\"786\">\r\n\t\t<div class=\"w-grid-item-h\">\r\n\t\t\t\t\t\t<div class=\"w-post-elm post_image usg_post_image_1 has_ratio\"><a href=\"https:\/\/errioxa.ika.eus\/es\/2025\/06\/06\/ejemplar-32-de-la-revista-ttiki-ttaka\/\" aria-label=\"Ejemplar 34 de la revista Ttiki-ttaka\"><img loading=\"lazy\" decoding=\"async\" width=\"768\" height=\"1024\" src=\"https:\/\/errioxa.ika.eus\/wp-content\/uploads\/sites\/6\/2025\/06\/WhatsApp-Image-2025-05-24-at-10.54.136-768x1024.jpeg\" class=\"attachment-large size-large wp-post-image\" alt=\"\" \/><\/a><div style=\"padding-bottom:66.6667%\"><\/div><\/div><div class=\"w-vwrapper usg_vwrapper_1 align_none valign_top\"><h2 class=\"w-post-elm post_title usg_post_title_1 has_text_color entry-title color_link_inherit\"><a href=\"https:\/\/errioxa.ika.eus\/es\/2025\/06\/06\/ejemplar-32-de-la-revista-ttiki-ttaka\/\">Ejemplar 34 de la revista Ttiki-ttaka<\/a><\/h2><div class=\"w-hwrapper usg_hwrapper_1 has_text_color align_none valign_top wrap\"><time class=\"w-post-elm post_date usg_post_date_1 has_text_color entry-date published\" datetime=\"2025-06-06T12:46:42+01:00\">06\/06\/2025<\/time><\/div><div class=\"w-post-elm post_content usg_post_content_1\">Ya est\u00e1 aqu\u00ed el n\u00famero 34 de larevista Ttiki-ttaka. Como escribimos en el especial del 30 aniversario, Ttiki-ttaka no hace&hellip;<\/div><\/div><a class=\"w-btn us-btn-style_3 usg_btn_1\" href=\"https:\/\/errioxa.ika.eus\/es\/2025\/06\/06\/ejemplar-32-de-la-revista-ttiki-ttaka\/\"><span class=\"w-btn-label\">LEER M\u00c1S ><\/span><\/a>\t\t<\/div>\r\n\t\t\t<\/article>\r\n<\/div>\t<div class=\"w-grid-preloader\">\r\n\t\t<div class=\"g-preloader type_1\">\r\n\t\t\t<div><\/div>\r\n\t\t<\/div>\r\n\t<\/div>\r\n\t\t<div class=\"w-grid-json hidden\" onclick='return {&quot;action&quot;:&quot;us_ajax_grid&quot;,&quot;infinite_scroll&quot;:0,&quot;max_num_pages&quot;:1,&quot;pagination&quot;:&quot;none&quot;,&quot;template_vars&quot;:{&quot;columns&quot;:&quot;3&quot;,&quot;exclude_items&quot;:&quot;none&quot;,&quot;img_size&quot;:&quot;default&quot;,&quot;ignore_items_size&quot;:0,&quot;items_layout&quot;:&quot;157&quot;,&quot;items_offset&quot;:&quot;1&quot;,&quot;load_animation&quot;:&quot;none&quot;,&quot;overriding_link&quot;:&quot;%7B%22url%22%3A%22%22%7D&quot;,&quot;post_id&quot;:0,&quot;query_args&quot;:{&quot;post_type&quot;:[&quot;post&quot;],&quot;post_status&quot;:[&quot;publish&quot;,&quot;acf-disabled&quot;],&quot;posts_per_page&quot;:&quot;3&quot;},&quot;orderby_query_args&quot;:{&quot;orderby&quot;:{&quot;date&quot;:&quot;DESC&quot;}},&quot;type&quot;:&quot;grid&quot;,&quot;us_grid_post_type&quot;:&quot;post&quot;,&quot;us_grid_ajax_index&quot;:3,&quot;us_grid_filter_query_string&quot;:null,&quot;us_grid_index&quot;:3,&quot;page_args&quot;:[],&quot;lang&quot;:&quot;es&quot;}}'><\/div>\r\n\t<\/div><\/div><\/div><\/div><\/div><\/section><section class=\"l-section wpb_row us_custom_920c17ef height_medium\"><div class=\"l-section-h i-cf\"><div class=\"g-cols vc_row via_grid cols_1 laptops-cols_inherit tablets-cols_inherit mobiles-cols_1 valign_top type_default stacking_default\"><div class=\"wpb_column vc_column_container\"><div class=\"vc_column-inner\">[vc_custom_heading text=\u00bbIKA Errioxa\u00bb use_theme_fonts=\u00bbyes\u00bb]<div class=\"w-separator size_medium\"><\/div><div class=\"g-cols wpb_row via_grid cols_2-1 laptops-cols_inherit tablets-cols_inherit mobiles-cols_1 valign_top type_default stacking_default\" style=\"--columns-gap:3rem;\"><div class=\"wpb_column vc_column_container\"><div class=\"vc_column-inner\"><div class=\"wpb_text_column\"><div class=\"wpb_wrapper\"><\/div><\/div><\/div><\/div><div class=\"wpb_column vc_column_container us_custom_d325b2fd has_bg_color\"><div class=\"vc_column-inner\"><div class=\"wpb_text_column us_custom_d187d545\"><div class=\"wpb_wrapper\"><p>Sigue a IKA Errioxa<br \/>\nen las redes<\/p>\n<\/div><\/div><div class=\"w-separator size_medium\"><\/div><div class=\"w-socials us_custom_67b6827d color_text shape_circle style_colored hover_fade\" style=\"--gap:0.1em;\"><div class=\"w-socials-list\"><div class=\"w-socials-item instagram\"><a target=\"_blank\" href=\"https:\/\/www.instagram.com\/arabarerrioxakoika\/\" class=\"w-socials-item-link\" aria-label=\"Instagram\"><span class=\"w-socials-item-link-hover\"><\/span><i class=\"fab fa-instagram\"><\/i><\/a><div class=\"w-socials-item-popup\"><span>Instagram<\/span><\/div><\/div><\/div><\/div><\/div><\/div><\/div><\/div><\/div><\/div><\/div><\/section>\n","protected":false},"excerpt":{"rendered":"Ya est\u00e1 aqu\u00ed el n\u00famero 34 de larevista Ttiki-ttaka. Como escribimos en el especial del 30 aniversario, Ttiki-ttaka no hace publicidad; son los socios y colaboradores los que la sacan adelante. Aunque este a\u00f1o ikastolas de Rioja Alavesa\u00a0 y el euskaltegi IKA han puesto por primera vez sus logos para aliviar as\u00ed el gasto que...","protected":false},"author":1,"featured_media":0,"parent":0,"menu_order":0,"comment_status":"closed","ping_status":"open","template":"","meta":{"_acf_changed":false,"footnotes":""},"class_list":["post-544","page","type-page","status-publish","hentry"],"acf":[],"_links":{"self":[{"href":"https:\/\/errioxa.ika.eus\/es\/wp-json\/wp\/v2\/pages\/544","targetHints":{"allow":["GET"]}}],"collection":[{"href":"https:\/\/errioxa.ika.eus\/es\/wp-json\/wp\/v2\/pages"}],"about":[{"href":"https:\/\/errioxa.ika.eus\/es\/wp-json\/wp\/v2\/types\/page"}],"author":[{"embeddable":true,"href":"https:\/\/errioxa.ika.eus\/es\/wp-json\/wp\/v2\/users\/1"}],"replies":[{"embeddable":true,"href":"https:\/\/errioxa.ika.eus\/es\/wp-json\/wp\/v2\/comments?post=544"}],"version-history":[{"count":17,"href":"https:\/\/errioxa.ika.eus\/es\/wp-json\/wp\/v2\/pages\/544\/revisions"}],"predecessor-version":[{"id":1122,"href":"https:\/\/errioxa.ika.eus\/es\/wp-json\/wp\/v2\/pages\/544\/revisions\/1122"}],"wp:attachment":[{"href":"https:\/\/errioxa.ika.eus\/es\/wp-json\/wp\/v2\/media?parent=544"}],"curies":[{"name":"wp","href":"https:\/\/api.w.org\/{rel}","templated":true}]}}