{"id":550,"date":"2024-02-20T09:10:03","date_gmt":"2024-02-20T08:10:03","guid":{"rendered":"https:\/\/errioxa.ika.eus\/?page_id=550"},"modified":"2025-07-17T17:18:38","modified_gmt":"2025-07-17T16:18:38","slug":"curso-2023-24","status":"publish","type":"page","link":"https:\/\/errioxa.ika.eus\/es\/curso-2023-24\/","title":{"rendered":"Curso 2025-26"},"content":{"rendered":"<section class=\"l-section wpb_row height_medium\"><div class=\"l-section-h i-cf\"><div class=\"g-cols vc_row via_grid cols_1 laptops-cols_inherit tablets-cols_inherit mobiles-cols_1 valign_top type_default stacking_default\"><div class=\"wpb_column vc_column_container\"><div class=\"vc_column-inner\"><div class=\"g-cols wpb_row via_grid cols_1 laptops-cols_inherit tablets-cols_inherit mobiles-cols_1 valign_top type_default stacking_default\" style=\"--columns-gap:3rem;\"><div class=\"wpb_column vc_column_container\"><div class=\"vc_column-inner\"><div class=\"wpb_text_column\"><div class=\"wpb_wrapper\"><p>Son cursos de 8 horas semanales. 2 horas al d\u00eda 4 d\u00edas por semana. Los horarios y los d\u00edas se eligen entre los alumnos y el profesor. Normalmente las clases son de lunes a jueves. Solo ofrecemos un curso de octubre a junio.<\/p>\n<\/div><\/div><\/div><\/div><\/div><div class=\"w-separator size_small\"><\/div><div class=\"g-cols wpb_row via_grid cols_2 laptops-cols_inherit tablets-cols_inherit mobiles-cols_1 valign_top type_default stacking_default\" style=\"--columns-gap:3rem;\"><div class=\"wpb_column vc_column_container\"><div class=\"vc_column-inner\">[vc_raw_html]JTVCdGFibGUlMjBpZCUzRDQlMjAlMkYlNUQ=[\/vc_raw_html]<\/div><\/div><div class=\"wpb_column vc_column_container\"><div class=\"vc_column-inner\"><\/div><\/div><\/div><div class=\"w-separator size_medium\"><\/div>[vc_custom_heading text=\u00bbPara hacer la matr\u00edcula:\u00bb font_container=\u00bbtag:h4|text_align:left\u00bb use_theme_fonts=\u00bbyes\u00bb]<div class=\"w-separator size_small\"><\/div><div class=\"wpb_text_column\"><div class=\"wpb_wrapper\"><p>Rellena la ficha y entr\u00e9gala en el euskaltegi o m\u00e1ndala por correo a <a href=\"mailto:errioxa@ika.eus\">errioxa@ika.eus<\/a>.<\/p>\n<\/div><\/div><div class=\"w-separator size_small\"><\/div><div class=\"w-btn-wrapper align_none\"><a class=\"w-btn us-btn-style_4\" target=\"_blank\" href=\"https:\/\/errioxa.ika.eus\/wp-content\/uploads\/sites\/6\/2024\/08\/HABErako_fitxa.pdf\"><span class=\"w-btn-label\">DESCARGAR FICHA<\/span><\/a><\/div><\/div><\/div><\/div><\/div><\/section>\n","protected":false},"excerpt":{"rendered":"Son cursos de 8 horas semanales. 2 horas al d\u00eda 4 d\u00edas por semana. Los horarios y los d\u00edas se eligen entre los alumnos y el profesor. Normalmente las clases son de lunes a jueves. Solo ofrecemos un curso de octubre a junio. [vc_raw_html]JTVCdGFibGUlMjBpZCUzRDQlMjAlMkYlNUQ=[\/vc_raw_html][vc_custom_heading text=\"Para hacer la matr\u00edcula:\" font_container=\"tag:h4|text_align:left\" use_theme_fonts=\"yes\"]Rellena la ficha y entr\u00e9gala en...","protected":false},"author":1,"featured_media":0,"parent":0,"menu_order":0,"comment_status":"closed","ping_status":"closed","template":"","meta":{"_acf_changed":false,"footnotes":""},"class_list":["post-550","page","type-page","status-publish","hentry"],"acf":[],"_links":{"self":[{"href":"https:\/\/errioxa.ika.eus\/es\/wp-json\/wp\/v2\/pages\/550","targetHints":{"allow":["GET"]}}],"collection":[{"href":"https:\/\/errioxa.ika.eus\/es\/wp-json\/wp\/v2\/pages"}],"about":[{"href":"https:\/\/errioxa.ika.eus\/es\/wp-json\/wp\/v2\/types\/page"}],"author":[{"embeddable":true,"href":"https:\/\/errioxa.ika.eus\/es\/wp-json\/wp\/v2\/users\/1"}],"replies":[{"embeddable":true,"href":"https:\/\/errioxa.ika.eus\/es\/wp-json\/wp\/v2\/comments?post=550"}],"version-history":[{"count":13,"href":"https:\/\/errioxa.ika.eus\/es\/wp-json\/wp\/v2\/pages\/550\/revisions"}],"predecessor-version":[{"id":1327,"href":"https:\/\/errioxa.ika.eus\/es\/wp-json\/wp\/v2\/pages\/550\/revisions\/1327"}],"wp:attachment":[{"href":"https:\/\/errioxa.ika.eus\/es\/wp-json\/wp\/v2\/media?parent=550"}],"curies":[{"name":"wp","href":"https:\/\/api.w.org\/{rel}","templated":true}]}}