{"id":563,"date":"2024-02-20T09:11:04","date_gmt":"2024-02-20T08:11:04","guid":{"rendered":"https:\/\/errioxa.ika.eus\/?page_id=563"},"modified":"2025-07-17T17:16:42","modified_gmt":"2025-07-17T16:16:42","slug":"ayudas-economicas","status":"publish","type":"page","link":"https:\/\/errioxa.ika.eus\/es\/ayudas-economicas\/","title":{"rendered":"Ayudas econ\u00f3micas"},"content":{"rendered":"<section class=\"l-section wpb_row height_medium\"><div class=\"l-section-h i-cf\"><div class=\"g-cols vc_row via_grid cols_2-1 laptops-cols_inherit tablets-cols_inherit mobiles-cols_1 valign_top type_default stacking_default\"><div class=\"wpb_column vc_column_container\"><div class=\"vc_column-inner\"><div class=\"wpb_text_column\"><div class=\"wpb_wrapper\"><p><strong>Becas:<\/strong> HABE, Diputaci\u00f3n Foral de \u00c1lava, Gobierno de Navarra y ayuntamientos de Labastida, Villabuena, Samaniego, Laguardia, Leza, Navaridas, Elciego, Lapuebla, Elvillar, Lanciego y Oy\u00f3n.<\/p>\n<p>Este curso los niveles de iniciaci\u00f3n A1 y A2 <strong>gratuitos!<\/strong> C1 tambi\u00e9n casi gratuito para alumnos entre 16-18 a\u00f1os.<\/p>\n<\/div><\/div><\/div><\/div><div class=\"wpb_column vc_column_container\"><div class=\"vc_column-inner\"><div class=\"w-image align_none\"><div class=\"w-image-h\"><img decoding=\"async\" width=\"900\" height=\"600\" src=\"https:\/\/errioxa.ika.eus\/wp-content\/uploads\/sites\/6\/2024\/03\/dirulaguntzak.jpg\" class=\"attachment-large size-large\" alt=\"\" loading=\"lazy\" srcset=\"https:\/\/errioxa.ika.eus\/wp-content\/uploads\/sites\/6\/2024\/03\/dirulaguntzak.jpg 900w, https:\/\/errioxa.ika.eus\/wp-content\/uploads\/sites\/6\/2024\/03\/dirulaguntzak-300x200.jpg 300w\" sizes=\"auto, (max-width: 900px) 100vw, 900px\" \/><\/div><\/div><\/div><\/div><\/div><\/div><\/section>\n","protected":false},"excerpt":{"rendered":"Becas: HABE, Diputaci\u00f3n Foral de \u00c1lava, Gobierno de Navarra y ayuntamientos de Labastida, Villabuena, Samaniego, Laguardia, Leza, Navaridas, Elciego, Lapuebla, Elvillar, Lanciego y Oy\u00f3n. Este curso los niveles de iniciaci\u00f3n A1 y A2 gratuitos! C1 tambi\u00e9n casi gratuito para alumnos entre 16-18 a\u00f1os.","protected":false},"author":1,"featured_media":0,"parent":0,"menu_order":0,"comment_status":"closed","ping_status":"closed","template":"","meta":{"_acf_changed":false,"footnotes":""},"class_list":["post-563","page","type-page","status-publish","hentry"],"acf":[],"_links":{"self":[{"href":"https:\/\/errioxa.ika.eus\/es\/wp-json\/wp\/v2\/pages\/563","targetHints":{"allow":["GET"]}}],"collection":[{"href":"https:\/\/errioxa.ika.eus\/es\/wp-json\/wp\/v2\/pages"}],"about":[{"href":"https:\/\/errioxa.ika.eus\/es\/wp-json\/wp\/v2\/types\/page"}],"author":[{"embeddable":true,"href":"https:\/\/errioxa.ika.eus\/es\/wp-json\/wp\/v2\/users\/1"}],"replies":[{"embeddable":true,"href":"https:\/\/errioxa.ika.eus\/es\/wp-json\/wp\/v2\/comments?post=563"}],"version-history":[{"count":8,"href":"https:\/\/errioxa.ika.eus\/es\/wp-json\/wp\/v2\/pages\/563\/revisions"}],"predecessor-version":[{"id":1326,"href":"https:\/\/errioxa.ika.eus\/es\/wp-json\/wp\/v2\/pages\/563\/revisions\/1326"}],"wp:attachment":[{"href":"https:\/\/errioxa.ika.eus\/es\/wp-json\/wp\/v2\/media?parent=563"}],"curies":[{"name":"wp","href":"https:\/\/api.w.org\/{rel}","templated":true}]}}