{"id":575,"date":"2024-02-20T09:10:32","date_gmt":"2024-02-20T08:10:32","guid":{"rendered":"https:\/\/errioxa.ika.eus\/?page_id=575"},"modified":"2024-04-09T10:43:25","modified_gmt":"2024-04-09T09:43:25","slug":"euskaldunizacion-de-adultos","status":"publish","type":"page","link":"https:\/\/errioxa.ika.eus\/es\/euskaldunizacion-de-adultos\/","title":{"rendered":"Euskaldunizaci\u00f3n de adultos"},"content":{"rendered":"<section class=\"l-section wpb_row height_medium\"><div class=\"l-section-h i-cf\"><div class=\"g-cols vc_row via_grid cols_2-1 laptops-cols_inherit tablets-cols_inherit mobiles-cols_1 valign_top type_default stacking_default\"><div class=\"wpb_column vc_column_container\"><div class=\"vc_column-inner\"><div class=\"wpb_text_column\"><div class=\"wpb_wrapper\"><p>Nuestra actividad principal es la euskaldunizaci\u00f3n de adultos. De hecho, llevamos m\u00e1s de 50 a\u00f1os en ello. Ofrecemos cursos que van desde aprender euskera desde cero, hasta la formaci\u00f3n en niveles superiores.<\/p>\n<p>En Arturo Campion IKA nos basamos en la metodolog\u00eda comunicativa. \u00bfQu\u00e9 es eso? El objetivo ser\u00e1 siempre comunicar: hablar, entender, escribir y leer en euskera. Esto, por supuesto, tambi\u00e9n ayudar\u00e1 al alumno a obtener los certificados de euskera. Utilizamos materiales y unidades did\u00e1cticas propias. Para ello, trabajamos de forma continuada en la actualizaci\u00f3n de todos ellos y, cuando sea necesario, en la creaci\u00f3n de nuevos.<\/p>\n<\/div><\/div><\/div><\/div><div class=\"wpb_column vc_column_container\"><div class=\"vc_column-inner\"><div class=\"w-image align_none\"><div class=\"w-image-h\"><img loading=\"lazy\" decoding=\"async\" class=\"g-placeholder\" src=\"https:\/\/errioxa.ika.eus\/wp-content\/plugins\/us-core\/assets\/images\/placeholder.svg\" width=\"1024\" height=\"1024\" alt><\/div><\/div><\/div><\/div><\/div><\/div><\/section>\n","protected":false},"excerpt":{"rendered":"Nuestra actividad principal es la euskaldunizaci\u00f3n de adultos. De hecho, llevamos m\u00e1s de 50 a\u00f1os en ello. Ofrecemos cursos que van desde aprender euskera desde cero, hasta la formaci\u00f3n en niveles superiores. En Arturo Campion IKA nos basamos en la metodolog\u00eda comunicativa. \u00bfQu\u00e9 es eso? El objetivo ser\u00e1 siempre comunicar: hablar, entender, escribir y leer...","protected":false},"author":1,"featured_media":0,"parent":0,"menu_order":0,"comment_status":"closed","ping_status":"closed","template":"","meta":{"_acf_changed":false,"footnotes":""},"class_list":["post-575","page","type-page","status-publish","hentry"],"acf":[],"_links":{"self":[{"href":"https:\/\/errioxa.ika.eus\/es\/wp-json\/wp\/v2\/pages\/575","targetHints":{"allow":["GET"]}}],"collection":[{"href":"https:\/\/errioxa.ika.eus\/es\/wp-json\/wp\/v2\/pages"}],"about":[{"href":"https:\/\/errioxa.ika.eus\/es\/wp-json\/wp\/v2\/types\/page"}],"author":[{"embeddable":true,"href":"https:\/\/errioxa.ika.eus\/es\/wp-json\/wp\/v2\/users\/1"}],"replies":[{"embeddable":true,"href":"https:\/\/errioxa.ika.eus\/es\/wp-json\/wp\/v2\/comments?post=575"}],"version-history":[{"count":4,"href":"https:\/\/errioxa.ika.eus\/es\/wp-json\/wp\/v2\/pages\/575\/revisions"}],"predecessor-version":[{"id":705,"href":"https:\/\/errioxa.ika.eus\/es\/wp-json\/wp\/v2\/pages\/575\/revisions\/705"}],"wp:attachment":[{"href":"https:\/\/errioxa.ika.eus\/es\/wp-json\/wp\/v2\/media?parent=575"}],"curies":[{"name":"wp","href":"https:\/\/api.w.org\/{rel}","templated":true}]}}